{"id":2937,"date":"2026-05-04T16:08:35","date_gmt":"2026-05-04T14:08:35","guid":{"rendered":"https:\/\/margodeweerdt.com\/?post_type=product&#038;p=2937"},"modified":"2026-05-04T17:39:29","modified_gmt":"2026-05-04T15:39:29","slug":"linocut-print-cordelia-the-crocodile-a5","status":"publish","type":"product","link":"https:\/\/margodeweerdt.com\/fr\/product\/linocut-print-cordelia-the-crocodile-a5\/","title":{"rendered":"Linogravure \u00ab Cordelia le crocodile \u00bb A5"},"content":{"rendered":"<p>Une linogravure imprim\u00e9e \u00e0 la main intitul\u00e9e \u00ab Cordelia le crocodile \u00bb. Elle est imprim\u00e9e en une seule couleur, \u00e0 l'encre verte. Elle a \u00e9t\u00e9 r\u00e9alis\u00e9e \u00e0 l'origine pour l'exposition VERTS \u00e0 l'Atelier du Bain Aux Plantes (Strasbourg, France).<\/p>\n<p>Imprim\u00e9 sur du papier japonais : l'\u00e9paisseur du papier et sa teinte subtile varient l\u00e9g\u00e8rement d'une feuille \u00e0 l'autre. (Entre 100 et 150 g)<br \/>\nChaque linogravure imprim\u00e9e \u00e0 la main est unique et pr\u00e9sente ses propres petits d\u00e9tails. Par cons\u00e9quent, votre article peut diff\u00e9rer l\u00e9g\u00e8rement de celui pr\u00e9sent\u00e9 sur la photo.<\/p>\n<p><span class=\"Apple-converted-space\">Format A5, 21 cm x 14,8 cm.<\/span><\/p>","protected":false},"excerpt":{"rendered":"<p>Une linogravure imprim\u00e9e \u00e0 la main intitul\u00e9e \u00ab Cordelia le crocodile \u00bb. Elle est imprim\u00e9e en une seule couleur, \u00e0 l'encre verte. Elle a \u00e9t\u00e9 r\u00e9alis\u00e9e \u00e0 l'origine pour l'exposition VERTS \u00e0 l'Atelier du Bain Aux Plantes (Strasbourg, France).<\/p>\n<p>Imprim\u00e9 sur du papier japonais : l'\u00e9paisseur du papier et sa teinte subtile varient l\u00e9g\u00e8rement d'une feuille \u00e0 l'autre. (Entre 100 et 150 g)<br \/>\nChaque linogravure imprim\u00e9e \u00e0 la main est unique et pr\u00e9sente ses propres petits d\u00e9tails. Par cons\u00e9quent, votre article peut diff\u00e9rer l\u00e9g\u00e8rement de celui pr\u00e9sent\u00e9 sur la photo.<\/p>\n<p><span class=\"Apple-converted-space\">Format A5, 21 cm x 14,8 cm.<\/span><\/p>","protected":false},"featured_media":2939,"comment_status":"open","ping_status":"closed","template":"","meta":{"advanced_seo_description":"","jetpack_seo_html_title":"","jetpack_seo_noindex":false,"jetpack_publicize_message":"","jetpack_publicize_feature_enabled":true,"jetpack_social_post_already_shared":true,"jetpack_social_options":{"image_generator_settings":{"template":"highway","default_image_id":0,"font":"","enabled":false},"version":2},"_wpas_customize_per_network":false},"product_brand":[],"product_cat":[20162],"product_tag":[20388,20201,20181,20234,20235,20455,20282,20461,20289,20229,20183,20412,20200,20165,20198,20278,20457,20290,20291,20463,20462,20199,20453,20452,20456,20166,20179,20163,20231,20454,20411],"class_list":{"0":"post-2937","1":"product","2":"type-product","3":"status-publish","4":"has-post-thumbnail","6":"product_cat-prints","7":"product_tag-a5","8":"product_tag-art","9":"product_tag-artist","10":"product_tag-belgie","11":"product_tag-belgique","12":"product_tag-colour","13":"product_tag-couleur","14":"product_tag-crocodile","15":"product_tag-encre","16":"product_tag-france","17":"product_tag-green","18":"product_tag-groen","19":"product_tag-handmade","20":"product_tag-handprinted","21":"product_tag-illustrator","22":"product_tag-illustratrice","23":"product_tag-impression-a-la-main","24":"product_tag-ink","25":"product_tag-inkt","26":"product_tag-japanese-paper","27":"product_tag-krokodil","28":"product_tag-lino-cut-print","29":"product_tag-lino-print","30":"product_tag-linocut","31":"product_tag-linogravure","32":"product_tag-made-by-hand","33":"product_tag-margo-de-weerdt","34":"product_tag-print","35":"product_tag-strasbourg","36":"product_tag-traditional","37":"product_tag-vert","38":"product_shipping_class-small-minus-500g","40":"first","41":"instock","42":"shipping-taxable","43":"purchasable","44":"product-type-simple"},"jetpack_publicize_connections":[],"jetpack_likes_enabled":true,"jetpack_sharing_enabled":true,"jetpack-related-posts":[],"_links":{"self":[{"href":"https:\/\/margodeweerdt.com\/fr\/wp-json\/wp\/v2\/product\/2937","targetHints":{"allow":["GET"]}}],"collection":[{"href":"https:\/\/margodeweerdt.com\/fr\/wp-json\/wp\/v2\/product"}],"about":[{"href":"https:\/\/margodeweerdt.com\/fr\/wp-json\/wp\/v2\/types\/product"}],"replies":[{"embeddable":true,"href":"https:\/\/margodeweerdt.com\/fr\/wp-json\/wp\/v2\/comments?post=2937"}],"wp:featuredmedia":[{"embeddable":true,"href":"https:\/\/margodeweerdt.com\/fr\/wp-json\/wp\/v2\/media\/2939"}],"wp:attachment":[{"href":"https:\/\/margodeweerdt.com\/fr\/wp-json\/wp\/v2\/media?parent=2937"}],"wp:term":[{"taxonomy":"product_brand","embeddable":true,"href":"https:\/\/margodeweerdt.com\/fr\/wp-json\/wp\/v2\/product_brand?post=2937"},{"taxonomy":"product_cat","embeddable":true,"href":"https:\/\/margodeweerdt.com\/fr\/wp-json\/wp\/v2\/product_cat?post=2937"},{"taxonomy":"product_tag","embeddable":true,"href":"https:\/\/margodeweerdt.com\/fr\/wp-json\/wp\/v2\/product_tag?post=2937"}],"curies":[{"name":"wp","href":"https:\/\/api.w.org\/{rel}","templated":true}]}}