{"id":2925,"date":"2026-05-04T15:35:52","date_gmt":"2026-05-04T13:35:52","guid":{"rendered":"https:\/\/margodeweerdt.com\/?post_type=product&#038;p=2925"},"modified":"2026-05-04T17:40:10","modified_gmt":"2026-05-04T15:40:10","slug":"print-cooling-off-a5","status":"publish","type":"product","link":"https:\/\/margodeweerdt.com\/fr\/product\/print-cooling-off-a5\/","title":{"rendered":"Print \u00ab Rafra\u00eechissement \u00bb A5"},"content":{"rendered":"<p>Une reproduction de l'illustration \u00ab rafra\u00eechissement \u00bb, r\u00e9alis\u00e9e en 2020.<br \/>\nElle faisait partie d'un calendrier que j'avais r\u00e9alis\u00e9 \u00e0 l'\u00e9poque, pour l'ann\u00e9e 2021. Cette illustration \u00e9tait destin\u00e9e au mois de juillet.<\/p>\n<p>Imprim\u00e9e sur du papier recycl\u00e9, 250 g.<\/p>\n<p><span class=\"Apple-converted-space\">Dimensions : A5, 14,8 cm x 21 cm.<\/span><\/p>","protected":false},"excerpt":{"rendered":"<p>Une reproduction de l'illustration \u00ab rafra\u00eechissement \u00bb, r\u00e9alis\u00e9e en 2020.<br \/>\nElle faisait partie d'un calendrier que j'avais r\u00e9alis\u00e9 \u00e0 l'\u00e9poque, pour l'ann\u00e9e 2021. Cette illustration \u00e9tait destin\u00e9e au mois de juillet.<\/p>\n<p>Imprim\u00e9e sur du papier recycl\u00e9, 250 g.<\/p>\n<p><span class=\"Apple-converted-space\">Dimensions : A5, 14,8 cm x 21 cm.<\/span><\/p>","protected":false},"featured_media":2927,"comment_status":"open","ping_status":"closed","template":"","meta":{"advanced_seo_description":"","jetpack_seo_html_title":"","jetpack_seo_noindex":false,"jetpack_publicize_message":"","jetpack_publicize_feature_enabled":true,"jetpack_social_post_already_shared":true,"jetpack_social_options":{"image_generator_settings":{"template":"highway","default_image_id":0,"font":"","enabled":false},"version":2},"_wpas_customize_per_network":false},"product_brand":[],"product_cat":[20162],"product_tag":[20388,20279,20437,20390,20281,20201,20181,20434,20435,20432,20234,20235,20283,20433,20282,20229,20296,20198,20278,20439,20402,20179,20175,20163,20436,20267,20231,20440,20401,20264,20438],"class_list":{"0":"post-2925","1":"product","2":"type-product","3":"status-publish","4":"has-post-thumbnail","6":"product_cat-prints","7":"product_tag-a5","8":"product_tag-affiche","9":"product_tag-afkoeling","10":"product_tag-antwerp","11":"product_tag-aquarelle","12":"product_tag-art","13":"product_tag-artist","14":"product_tag-bad","15":"product_tag-bain","16":"product_tag-bath","17":"product_tag-belgie","18":"product_tag-belgique","19":"product_tag-colours","20":"product_tag-cooling-off","21":"product_tag-couleur","22":"product_tag-france","23":"product_tag-heks","24":"product_tag-illustrator","25":"product_tag-illustratrice","26":"product_tag-lete","27":"product_tag-leau","28":"product_tag-margo-de-weerdt","29":"product_tag-poster","30":"product_tag-print","31":"product_tag-refraichissement","32":"product_tag-sorciere","33":"product_tag-strasbourg","34":"product_tag-summer","35":"product_tag-water","36":"product_tag-witch","37":"product_tag-zomer","38":"product_shipping_class-small-minus-500g","40":"first","41":"instock","42":"shipping-taxable","43":"purchasable","44":"product-type-simple"},"jetpack_publicize_connections":[],"jetpack_likes_enabled":true,"jetpack_sharing_enabled":true,"jetpack-related-posts":[],"_links":{"self":[{"href":"https:\/\/margodeweerdt.com\/fr\/wp-json\/wp\/v2\/product\/2925","targetHints":{"allow":["GET"]}}],"collection":[{"href":"https:\/\/margodeweerdt.com\/fr\/wp-json\/wp\/v2\/product"}],"about":[{"href":"https:\/\/margodeweerdt.com\/fr\/wp-json\/wp\/v2\/types\/product"}],"replies":[{"embeddable":true,"href":"https:\/\/margodeweerdt.com\/fr\/wp-json\/wp\/v2\/comments?post=2925"}],"wp:featuredmedia":[{"embeddable":true,"href":"https:\/\/margodeweerdt.com\/fr\/wp-json\/wp\/v2\/media\/2927"}],"wp:attachment":[{"href":"https:\/\/margodeweerdt.com\/fr\/wp-json\/wp\/v2\/media?parent=2925"}],"wp:term":[{"taxonomy":"product_brand","embeddable":true,"href":"https:\/\/margodeweerdt.com\/fr\/wp-json\/wp\/v2\/product_brand?post=2925"},{"taxonomy":"product_cat","embeddable":true,"href":"https:\/\/margodeweerdt.com\/fr\/wp-json\/wp\/v2\/product_cat?post=2925"},{"taxonomy":"product_tag","embeddable":true,"href":"https:\/\/margodeweerdt.com\/fr\/wp-json\/wp\/v2\/product_tag?post=2925"}],"curies":[{"name":"wp","href":"https:\/\/api.w.org\/{rel}","templated":true}]}}