{"id":2906,"date":"2026-05-04T14:44:49","date_gmt":"2026-05-04T12:44:49","guid":{"rendered":"https:\/\/margodeweerdt.com\/?post_type=product&#038;p=2906"},"modified":"2026-05-04T17:39:50","modified_gmt":"2026-05-04T15:39:50","slug":"print-rivierenhof-a5","status":"publish","type":"product","link":"https:\/\/margodeweerdt.com\/fr\/product\/print-rivierenhof-a5\/","title":{"rendered":"Print \u00ab Rivierenhof \u00bb A5"},"content":{"rendered":"<p>Une reproduction de l'illustration \u00ab Rivierenhof \u00bb r\u00e9alis\u00e9e en 2020. (Le Rivierenhof est un parc situ\u00e9 \u00e0 l'est de la ville d'Anvers.)<\/p>\n<p>Imprim\u00e9e sur du papier recycl\u00e9, 250 g.<\/p>\n<p><span class=\"Apple-converted-space\">Format A5, 21 cm x 14,8 cm.<\/span><\/p>","protected":false},"excerpt":{"rendered":"<p>Une reproduction de l'illustration \u00ab Rivierenhof \u00bb r\u00e9alis\u00e9e en 2020. (Le Rivierenhof est un parc situ\u00e9 \u00e0 l'est de la ville d'Anvers.)<\/p>\n<p>Imprim\u00e9e sur du papier recycl\u00e9, 250 g.<\/p>\n<p><span class=\"Apple-converted-space\">Format A5, 21 cm x 14,8 cm.<\/span><\/p>","protected":false},"featured_media":2908,"comment_status":"open","ping_status":"closed","template":"","meta":{"advanced_seo_description":"","jetpack_seo_html_title":"","jetpack_seo_noindex":false,"jetpack_publicize_message":"","jetpack_publicize_feature_enabled":true,"jetpack_social_post_already_shared":true,"jetpack_social_options":{"image_generator_settings":{"template":"highway","default_image_id":0,"font":"","enabled":false},"version":2},"_wpas_customize_per_network":false},"product_brand":[],"product_cat":[20162],"product_tag":[20388,20279,20390,20281,20201,20181,20234,20235,20216,20370,20369,20204,20400,20283,20282,20393,20391,20198,20278,20402,20179,20381,20398,20399,20175,20163,20389,20231,20396,20395,20397,20392,20394,20401,20265],"class_list":{"0":"post-2906","1":"product","2":"type-product","3":"status-publish","4":"has-post-thumbnail","6":"product_cat-prints","7":"product_tag-a5","8":"product_tag-affiche","9":"product_tag-antwerp","10":"product_tag-aquarelle","11":"product_tag-art","12":"product_tag-artist","13":"product_tag-belgie","14":"product_tag-belgique","15":"product_tag-bird","16":"product_tag-blauw","17":"product_tag-bleu","18":"product_tag-blue","19":"product_tag-bomen","20":"product_tag-colours","21":"product_tag-couleur","22":"product_tag-crepuscule","23":"product_tag-dusk","24":"product_tag-illustrator","25":"product_tag-illustratrice","26":"product_tag-leau","27":"product_tag-margo-de-weerdt","28":"product_tag-oiseau","29":"product_tag-parc","30":"product_tag-park","31":"product_tag-poster","32":"product_tag-print","33":"product_tag-rivierenhof","34":"product_tag-strasbourg","35":"product_tag-terrace","36":"product_tag-terras","37":"product_tag-trees","38":"product_tag-twilight","39":"product_tag-vogel","40":"product_tag-water","41":"product_tag-woman","42":"product_shipping_class-small-minus-500g","44":"first","45":"instock","46":"shipping-taxable","47":"purchasable","48":"product-type-simple"},"jetpack_publicize_connections":[],"jetpack_likes_enabled":true,"jetpack_sharing_enabled":true,"jetpack-related-posts":[],"_links":{"self":[{"href":"https:\/\/margodeweerdt.com\/fr\/wp-json\/wp\/v2\/product\/2906","targetHints":{"allow":["GET"]}}],"collection":[{"href":"https:\/\/margodeweerdt.com\/fr\/wp-json\/wp\/v2\/product"}],"about":[{"href":"https:\/\/margodeweerdt.com\/fr\/wp-json\/wp\/v2\/types\/product"}],"replies":[{"embeddable":true,"href":"https:\/\/margodeweerdt.com\/fr\/wp-json\/wp\/v2\/comments?post=2906"}],"wp:featuredmedia":[{"embeddable":true,"href":"https:\/\/margodeweerdt.com\/fr\/wp-json\/wp\/v2\/media\/2908"}],"wp:attachment":[{"href":"https:\/\/margodeweerdt.com\/fr\/wp-json\/wp\/v2\/media?parent=2906"}],"wp:term":[{"taxonomy":"product_brand","embeddable":true,"href":"https:\/\/margodeweerdt.com\/fr\/wp-json\/wp\/v2\/product_brand?post=2906"},{"taxonomy":"product_cat","embeddable":true,"href":"https:\/\/margodeweerdt.com\/fr\/wp-json\/wp\/v2\/product_cat?post=2906"},{"taxonomy":"product_tag","embeddable":true,"href":"https:\/\/margodeweerdt.com\/fr\/wp-json\/wp\/v2\/product_tag?post=2906"}],"curies":[{"name":"wp","href":"https:\/\/api.w.org\/{rel}","templated":true}]}}