{"id":2670,"date":"2025-10-28T14:18:29","date_gmt":"2025-10-28T13:18:29","guid":{"rendered":"https:\/\/margodeweerdt.com\/?post_type=product&#038;p=2670"},"modified":"2025-12-10T14:21:44","modified_gmt":"2025-12-10T13:21:44","slug":"holiday-card-book-tree-english","status":"publish","type":"product","link":"https:\/\/margodeweerdt.com\/fr\/product\/holiday-card-book-tree-english\/","title":{"rendered":"Carte de v\u0153ux \"Livre d'arbre\" (en anglais)"},"content":{"rendered":"<p>Carte de No\u00ebl r\u00e9alis\u00e9e en 2025. Imprim\u00e9e sur papier textur\u00e9, 300g. Il s'agit d'une carte postale simple, non pli\u00e9e, imprim\u00e9e au recto (image principale) et au verso (d\u00e9tails), avec un espace au verso pour \u00e9crire un message.<span class=\"Apple-converted-space\"> Le texte sur la carte est en anglais.<\/span><\/p>\n<p>Format A6, 10,5cm x 14,8 cm.<\/p>\n<p>Enveloppe incluse.<span class=\"Apple-converted-space\">\u00a0<\/span><\/p>","protected":false},"excerpt":{"rendered":"<p>Carte de No\u00ebl r\u00e9alis\u00e9e en 2025. <span class=\"Apple-converted-space\">Le texte sur la carte est en anglais.<\/span><\/p>\n<p>Imprim\u00e9 sur papier textur\u00e9, 300g. Format A6, 10,5cm x 14,8 cm.<\/p>\n<p>Enveloppe incluse.<\/p>","protected":false},"featured_media":2660,"comment_status":"open","ping_status":"closed","template":"","meta":{"advanced_seo_description":"","jetpack_seo_html_title":"","jetpack_seo_noindex":false,"jetpack_publicize_message":"","jetpack_publicize_feature_enabled":true,"jetpack_social_post_already_shared":true,"jetpack_social_options":{"image_generator_settings":{"template":"highway","default_image_id":0,"font":"","enabled":false},"version":2},"_wpas_customize_per_network":false},"product_brand":[],"product_cat":[20161,20160],"product_tag":[20272,20273,20201,20181,20262,20274,20275,20271,20157,20156,20158,20210,20277,20229,20177,20194,20159,20198,20245,20276,20246,20179,20249,20155,20261,20231,20209],"class_list":{"0":"post-2670","1":"product","2":"type-product","3":"status-publish","4":"has-post-thumbnail","6":"product_cat-holidays","7":"product_cat-postcards","8":"product_tag-arbre","9":"product_tag-arbre-de-noel","10":"product_tag-art","11":"product_tag-artist","12":"product_tag-etoiles","13":"product_tag-book","14":"product_tag-books","15":"product_tag-boom","16":"product_tag-card","17":"product_tag-christmas","18":"product_tag-christmas-card","19":"product_tag-christmas-tree","20":"product_tag-decoration","21":"product_tag-france","22":"product_tag-gouache","23":"product_tag-holiday-card","24":"product_tag-holidays","25":"product_tag-illustrator","26":"product_tag-lights","27":"product_tag-livre","28":"product_tag-lumiere","29":"product_tag-margo-de-weerdt","30":"product_tag-noel","31":"product_tag-postcard","32":"product_tag-ster","33":"product_tag-strasbourg","34":"product_tag-tree","35":"product_shipping_class-small-minus-500g","37":"first","38":"instock","39":"shipping-taxable","40":"purchasable","41":"product-type-simple"},"jetpack_publicize_connections":[],"jetpack_likes_enabled":true,"jetpack_sharing_enabled":true,"jetpack-related-posts":[],"_links":{"self":[{"href":"https:\/\/margodeweerdt.com\/fr\/wp-json\/wp\/v2\/product\/2670","targetHints":{"allow":["GET"]}}],"collection":[{"href":"https:\/\/margodeweerdt.com\/fr\/wp-json\/wp\/v2\/product"}],"about":[{"href":"https:\/\/margodeweerdt.com\/fr\/wp-json\/wp\/v2\/types\/product"}],"replies":[{"embeddable":true,"href":"https:\/\/margodeweerdt.com\/fr\/wp-json\/wp\/v2\/comments?post=2670"}],"wp:featuredmedia":[{"embeddable":true,"href":"https:\/\/margodeweerdt.com\/fr\/wp-json\/wp\/v2\/media\/2660"}],"wp:attachment":[{"href":"https:\/\/margodeweerdt.com\/fr\/wp-json\/wp\/v2\/media?parent=2670"}],"wp:term":[{"taxonomy":"product_brand","embeddable":true,"href":"https:\/\/margodeweerdt.com\/fr\/wp-json\/wp\/v2\/product_brand?post=2670"},{"taxonomy":"product_cat","embeddable":true,"href":"https:\/\/margodeweerdt.com\/fr\/wp-json\/wp\/v2\/product_cat?post=2670"},{"taxonomy":"product_tag","embeddable":true,"href":"https:\/\/margodeweerdt.com\/fr\/wp-json\/wp\/v2\/product_tag?post=2670"}],"curies":[{"name":"wp","href":"https:\/\/api.w.org\/{rel}","templated":true}]}}