{"id":2511,"date":"2025-09-17T17:04:06","date_gmt":"2025-09-17T15:04:06","guid":{"rendered":"https:\/\/margodeweerdt.com\/?post_type=product&#038;p=2511"},"modified":"2026-02-07T11:13:25","modified_gmt":"2026-02-07T10:13:25","slug":"print-banaal-anders","status":"publish","type":"product","link":"https:\/\/margodeweerdt.com\/fr\/product\/print-banaal-anders\/","title":{"rendered":"Print \"Banalement diff\u00e9rente\""},"content":{"rendered":"<p>Illustration \"Banalement diff\u00e9rente\" r\u00e9alis\u00e9e en 2021, imprim\u00e9e en 2025 sur papier textur\u00e9, 100g.<span class=\"Apple-converted-space\">\u00a0<\/span><\/p>\n<p><span class=\"Apple-converted-space\">Format A4, 29,7 cm x 21 cm.<\/span><\/p>","protected":false},"excerpt":{"rendered":"<p>Illustration \"Banalement diff\u00e9rente\" r\u00e9alis\u00e9e en 2021, imprim\u00e9e en 2025 sur papier textur\u00e9, 100g.<\/p>\n<p><span class=\"Apple-converted-space\">Format A4, 29,7 cm x 21 cm.<\/span><\/p>","protected":false},"featured_media":2443,"comment_status":"open","ping_status":"closed","template":"","meta":{"advanced_seo_description":"","jetpack_seo_html_title":"","jetpack_seo_noindex":false,"jetpack_post_was_ever_published":false,"jetpack_publicize_message":"","jetpack_publicize_feature_enabled":true,"jetpack_social_post_already_shared":true,"jetpack_social_options":{"image_generator_settings":{"template":"highway","default_image_id":0,"font":"","enabled":false},"version":2},"_wpas_customize_per_network":false},"product_brand":[],"product_cat":[20162],"product_tag":[20280,20279,20201,20181,20306,20283,20302,20303,20307,20289,20304,20296,20198,20278,20290,20291,20179,20175,20163,20305,20267,20264],"class_list":{"0":"post-2511","1":"product","2":"type-product","3":"status-publish","4":"has-post-thumbnail","6":"product_cat-prints","7":"product_tag-a4","8":"product_tag-affiche","9":"product_tag-art","10":"product_tag-artist","11":"product_tag-change","12":"product_tag-colours","13":"product_tag-dagelijks","14":"product_tag-different","15":"product_tag-ecoline","16":"product_tag-encre","17":"product_tag-grey","18":"product_tag-heks","19":"product_tag-illustrator","20":"product_tag-illustratrice","21":"product_tag-ink","22":"product_tag-inkt","23":"product_tag-margo-de-weerdt","24":"product_tag-poster","25":"product_tag-print","26":"product_tag-quotidien","27":"product_tag-sorciere","28":"product_tag-witch","29":"product_shipping_class-light-package","31":"first","32":"instock","33":"shipping-taxable","34":"purchasable","35":"product-type-simple"},"jetpack_publicize_connections":[],"jetpack_likes_enabled":true,"jetpack_sharing_enabled":true,"jetpack-related-posts":[],"_links":{"self":[{"href":"https:\/\/margodeweerdt.com\/fr\/wp-json\/wp\/v2\/product\/2511","targetHints":{"allow":["GET"]}}],"collection":[{"href":"https:\/\/margodeweerdt.com\/fr\/wp-json\/wp\/v2\/product"}],"about":[{"href":"https:\/\/margodeweerdt.com\/fr\/wp-json\/wp\/v2\/types\/product"}],"replies":[{"embeddable":true,"href":"https:\/\/margodeweerdt.com\/fr\/wp-json\/wp\/v2\/comments?post=2511"}],"wp:featuredmedia":[{"embeddable":true,"href":"https:\/\/margodeweerdt.com\/fr\/wp-json\/wp\/v2\/media\/2443"}],"wp:attachment":[{"href":"https:\/\/margodeweerdt.com\/fr\/wp-json\/wp\/v2\/media?parent=2511"}],"wp:term":[{"taxonomy":"product_brand","embeddable":true,"href":"https:\/\/margodeweerdt.com\/fr\/wp-json\/wp\/v2\/product_brand?post=2511"},{"taxonomy":"product_cat","embeddable":true,"href":"https:\/\/margodeweerdt.com\/fr\/wp-json\/wp\/v2\/product_cat?post=2511"},{"taxonomy":"product_tag","embeddable":true,"href":"https:\/\/margodeweerdt.com\/fr\/wp-json\/wp\/v2\/product_tag?post=2511"}],"curies":[{"name":"wp","href":"https:\/\/api.w.org\/{rel}","templated":true}]}}