{"id":2510,"date":"2025-09-17T16:50:29","date_gmt":"2025-09-17T14:50:29","guid":{"rendered":"https:\/\/margodeweerdt.com\/?post_type=product&#038;p=2510"},"modified":"2026-05-04T15:24:59","modified_gmt":"2026-05-04T13:24:59","slug":"print-good-omens","status":"publish","type":"product","link":"https:\/\/margodeweerdt.com\/fr\/product\/print-good-omens\/","title":{"rendered":"Print \"Good Omens\" - A4"},"content":{"rendered":"<p>Illustration \"Good Omens\" r\u00e9alis\u00e9e en 2021, imprim\u00e9e en 2025 sur papier textur\u00e9, 100g.<span class=\"Apple-converted-space\">\u00a0<\/span><span class=\"Apple-converted-space\">Format A4, 29,7 cm x 21 cm.<\/span><\/p>\n<p>L'illustration a \u00e9t\u00e9 r\u00e9alis\u00e9e apr\u00e8s la lecture du livre <em>\"<a href=\"https:\/\/en.wikipedia.org\/wiki\/Good_Omens\">Les bons pr\u00e9sages : Les belles et exactes proph\u00e9ties d'Agnes Nutter, sorci\u00e8re<\/a>\", 1990<\/em>de Terry Pratchett et Neil Gaiman. Ce livre m'a inspir\u00e9 cette illustration, car j'ai ador\u00e9 l'histoire et l'amiti\u00e9 entre l'ange Aziraphale et le d\u00e9mon Crowley. J'ai aim\u00e9 l'histoire et l'amiti\u00e9 entre l'ange Aziraphale et le d\u00e9mon Crowley, la fa\u00e7on dont des personnes aux caract\u00e8res apparemment oppos\u00e9s s'attirent et, simultan\u00e9ment, combien nous sommes identiques. C'est cette dualit\u00e9 qui a inspir\u00e9 mon dessin.<\/p>\n<p>Si vous aimez lire un <em><strong>bon<\/strong><\/em> livre de fantasy : Lisez-le.<\/p>","protected":false},"excerpt":{"rendered":"<p>Illustration \"Good Omens\" r\u00e9alis\u00e9e en 2021, imprim\u00e9e en 2025 sur papier textur\u00e9, 100g.<\/p>\n<p><span class=\"Apple-converted-space\">Format A4, 29,7 cm x 21 cm.<\/span><\/p>","protected":false},"featured_media":2589,"comment_status":"open","ping_status":"closed","template":"","meta":{"advanced_seo_description":"","jetpack_seo_html_title":"","jetpack_seo_noindex":false,"jetpack_publicize_message":"","jetpack_publicize_feature_enabled":true,"jetpack_social_post_already_shared":true,"jetpack_social_options":{"image_generator_settings":{"template":"highway","default_image_id":0,"font":"","enabled":false},"version":2},"_wpas_customize_per_network":false},"product_brand":[],"product_cat":[20162],"product_tag":[20280,20279,20201,20181,20298,20262,20299,20300,20289,20297,20198,20278,20290,20291,20179,20286,20301,20175,20163,20288],"class_list":{"0":"post-2510","1":"product","2":"type-product","3":"status-publish","4":"has-post-thumbnail","6":"product_cat-prints","7":"product_tag-a4","8":"product_tag-affiche","9":"product_tag-art","10":"product_tag-artist","11":"product_tag-aziraphale","12":"product_tag-etoiles","13":"product_tag-crowley","14":"product_tag-duality","15":"product_tag-encre","16":"product_tag-good-omens","17":"product_tag-illustrator","18":"product_tag-illustratrice","19":"product_tag-ink","20":"product_tag-inkt","21":"product_tag-margo-de-weerdt","22":"product_tag-moon","23":"product_tag-opposite","24":"product_tag-poster","25":"product_tag-print","26":"product_tag-stars","27":"product_shipping_class-light-package","29":"first","30":"instock","31":"shipping-taxable","32":"purchasable","33":"product-type-simple"},"jetpack_publicize_connections":[],"jetpack_likes_enabled":true,"jetpack_sharing_enabled":true,"jetpack-related-posts":[],"_links":{"self":[{"href":"https:\/\/margodeweerdt.com\/fr\/wp-json\/wp\/v2\/product\/2510","targetHints":{"allow":["GET"]}}],"collection":[{"href":"https:\/\/margodeweerdt.com\/fr\/wp-json\/wp\/v2\/product"}],"about":[{"href":"https:\/\/margodeweerdt.com\/fr\/wp-json\/wp\/v2\/types\/product"}],"replies":[{"embeddable":true,"href":"https:\/\/margodeweerdt.com\/fr\/wp-json\/wp\/v2\/comments?post=2510"}],"wp:featuredmedia":[{"embeddable":true,"href":"https:\/\/margodeweerdt.com\/fr\/wp-json\/wp\/v2\/media\/2589"}],"wp:attachment":[{"href":"https:\/\/margodeweerdt.com\/fr\/wp-json\/wp\/v2\/media?parent=2510"}],"wp:term":[{"taxonomy":"product_brand","embeddable":true,"href":"https:\/\/margodeweerdt.com\/fr\/wp-json\/wp\/v2\/product_brand?post=2510"},{"taxonomy":"product_cat","embeddable":true,"href":"https:\/\/margodeweerdt.com\/fr\/wp-json\/wp\/v2\/product_cat?post=2510"},{"taxonomy":"product_tag","embeddable":true,"href":"https:\/\/margodeweerdt.com\/fr\/wp-json\/wp\/v2\/product_tag?post=2510"}],"curies":[{"name":"wp","href":"https:\/\/api.w.org\/{rel}","templated":true}]}}