{"id":2500,"date":"2025-09-17T15:41:44","date_gmt":"2025-09-17T13:41:44","guid":{"rendered":"https:\/\/margodeweerdt.com\/?post_type=product&#038;p=2500"},"modified":"2025-12-10T14:22:59","modified_gmt":"2025-12-10T13:22:59","slug":"carte-de-vacances-cathedrale-strasbourg","status":"publish","type":"product","link":"https:\/\/margodeweerdt.com\/fr\/product\/holiday-card-cathedrale-strasbourg\/","title":{"rendered":"Carte de v\u0153ux \"Cath\u00e9drale Strasbourg\" (en fran\u00e7ais)"},"content":{"rendered":"<p>Carte de No\u00ebl r\u00e9alis\u00e9e en 2025. Imprim\u00e9e sur papier textur\u00e9, 300g. Il s'agit d'une carte postale simple, non pli\u00e9e, imprim\u00e9e au recto (image principale) et au verso (d\u00e9tails), avec un espace au verso pour \u00e9crire un message.<span class=\"Apple-converted-space\"> Le texte de la carte est en fran\u00e7ais.<\/span><\/p>\n<p>Format A6, 10,5cm x 14,8 cm.<\/p>\n<p>Enveloppe incluse.<span class=\"Apple-converted-space\">\u00a0<\/span><\/p>","protected":false},"excerpt":{"rendered":"<p>Carte de No\u00ebl r\u00e9alis\u00e9e en 2025. <span class=\"Apple-converted-space\">Le texte de la carte est en fran\u00e7ais.<\/span><\/p>\n<p>Imprim\u00e9 sur papier textur\u00e9, 300g. Format A6, 10,5cm x 14,8 cm.<\/p>\n<p>Enveloppe incluse.<\/p>","protected":false},"featured_media":2427,"comment_status":"open","ping_status":"closed","template":"","meta":{"advanced_seo_description":"","jetpack_seo_html_title":"","jetpack_seo_noindex":false,"jetpack_publicize_message":"","jetpack_publicize_feature_enabled":true,"jetpack_social_post_already_shared":true,"jetpack_social_options":{"image_generator_settings":{"template":"highway","default_image_id":0,"font":"","enabled":false},"version":2},"_wpas_customize_per_network":false},"product_brand":[],"product_cat":[20161,20160],"product_tag":[20201,20181,20157,20247,20248,20156,20158,20217,20266,20229,20177,20194,20159,20198,20245,20246,20179,20249,20155,20267,20231,20244,20264,20265],"class_list":{"0":"post-2500","1":"product","2":"type-product","3":"status-publish","4":"has-post-thumbnail","6":"product_cat-holidays","7":"product_cat-postcards","8":"product_tag-art","9":"product_tag-artist","10":"product_tag-card","11":"product_tag-cathedrale","12":"product_tag-cathedral","13":"product_tag-christmas","14":"product_tag-christmas-card","15":"product_tag-city","16":"product_tag-femme","17":"product_tag-france","18":"product_tag-gouache","19":"product_tag-holiday-card","20":"product_tag-holidays","21":"product_tag-illustrator","22":"product_tag-lights","23":"product_tag-lumiere","24":"product_tag-margo-de-weerdt","25":"product_tag-noel","26":"product_tag-postcard","27":"product_tag-sorciere","28":"product_tag-strasbourg","29":"product_tag-ville","30":"product_tag-witch","31":"product_tag-woman","32":"product_shipping_class-small-minus-500g","34":"first","35":"instock","36":"shipping-taxable","37":"purchasable","38":"product-type-simple"},"jetpack_publicize_connections":[],"jetpack_likes_enabled":true,"jetpack_sharing_enabled":true,"jetpack-related-posts":[],"_links":{"self":[{"href":"https:\/\/margodeweerdt.com\/fr\/wp-json\/wp\/v2\/product\/2500","targetHints":{"allow":["GET"]}}],"collection":[{"href":"https:\/\/margodeweerdt.com\/fr\/wp-json\/wp\/v2\/product"}],"about":[{"href":"https:\/\/margodeweerdt.com\/fr\/wp-json\/wp\/v2\/types\/product"}],"replies":[{"embeddable":true,"href":"https:\/\/margodeweerdt.com\/fr\/wp-json\/wp\/v2\/comments?post=2500"}],"wp:featuredmedia":[{"embeddable":true,"href":"https:\/\/margodeweerdt.com\/fr\/wp-json\/wp\/v2\/media\/2427"}],"wp:attachment":[{"href":"https:\/\/margodeweerdt.com\/fr\/wp-json\/wp\/v2\/media?parent=2500"}],"wp:term":[{"taxonomy":"product_brand","embeddable":true,"href":"https:\/\/margodeweerdt.com\/fr\/wp-json\/wp\/v2\/product_brand?post=2500"},{"taxonomy":"product_cat","embeddable":true,"href":"https:\/\/margodeweerdt.com\/fr\/wp-json\/wp\/v2\/product_cat?post=2500"},{"taxonomy":"product_tag","embeddable":true,"href":"https:\/\/margodeweerdt.com\/fr\/wp-json\/wp\/v2\/product_tag?post=2500"}],"curies":[{"name":"wp","href":"https:\/\/api.w.org\/{rel}","templated":true}]}}