{"id":2364,"date":"2025-07-22T14:40:33","date_gmt":"2025-07-22T12:40:33","guid":{"rendered":"https:\/\/margodeweerdt.com\/?post_type=product&#038;p=2364"},"modified":"2025-12-10T14:23:16","modified_gmt":"2025-12-10T13:23:16","slug":"ex-libris-hedgehog","status":"publish","type":"product","link":"https:\/\/margodeweerdt.com\/fr\/product\/ex-libris-hedgehog\/","title":{"rendered":"Tampon ex libris \u00ab H\u00e9risson \u00bb"},"content":{"rendered":"<p>Qu'est-ce qu'un \"ex libris\" ? Il s'agit d'une \u00e9tiquette ou d'une image d\u00e9corative coll\u00e9e, imprim\u00e9e ou tamponn\u00e9e dans un livre pour en indiquer la propri\u00e9t\u00e9. \"Ex libris\" signifie en latin \"des livres\" et est \u00e9galement appel\u00e9 \"ex-libris\". Les premi\u00e8res marques de propri\u00e9t\u00e9 sur des livres ou des documents remontent \u00e0 l'Antiquit\u00e9, plus pr\u00e9cis\u00e9ment \u00e0 l'\u00c9gypte ancienne. La version actuelle de l'ex libris appara\u00eet en Allemagne au XVe si\u00e8cle. En g\u00e9n\u00e9ral, le dessin comporte des \u00e9l\u00e9ments d\u00e9coratifs qui refl\u00e8tent une partie des int\u00e9r\u00eats ou de la personnalit\u00e9 du propri\u00e9taire.<\/p>\n<p>Le processus : apr\u00e8s avoir pass\u00e9 votre commande, j'\u00e9crirai le nom ou les initiales que vous souhaitez. Le texte sera ins\u00e9r\u00e9 dans le dessin et envoy\u00e9 pour \u00eatre transform\u00e9 en un magnifique tampon. Ensuite, je le re\u00e7ois, je v\u00e9rifie que tout est en ordre et je vous envoie votre tampon.<span class=\"Apple-converted-space\"><br \/>\n<\/span>En bref, vous recevrez votre commande dans un d\u00e9lai de 1 \u00e0 2 semaines.<\/p>\n<p>&nbsp;<\/p>","protected":false},"excerpt":{"rendered":"<p>Un tampon \"ex libris\" avec un dessin de h\u00e9risson et votre nom ou vos initiales.<span class=\"Apple-converted-space\"><br \/>\n<\/span>Indiquez-moi le nom ou les initiales de votre choix et je les \u00e9crirai de ma main, comme dans l'exemple ci-contre. Le texte sera ins\u00e9r\u00e9 dans le dessin et votre tampon personnalis\u00e9 sera r\u00e9alis\u00e9.<\/p>\n<p><span class=\"Apple-converted-space\">D\u00e9lai de livraison estim\u00e9 : 1 \u00e0 2 semaines <\/span><\/p>\n<p><span class=\"Apple-converted-space\">Taille de tampon : 75 \u00d7 45 mm<\/span><\/p>","protected":false},"featured_media":2356,"comment_status":"open","ping_status":"closed","template":"","meta":{"advanced_seo_description":"","jetpack_seo_html_title":"","jetpack_seo_noindex":false,"jetpack_publicize_message":"","jetpack_publicize_feature_enabled":true,"jetpack_social_post_already_shared":true,"jetpack_social_options":{"image_generator_settings":{"template":"highway","default_image_id":0,"font":"","enabled":false},"version":2},"_wpas_customize_per_network":false},"product_brand":[],"product_cat":[20221],"product_tag":[20201,20181,20234,20235,20230,20222,20229,20241,20240,20224,20179,20223,20226,20231,20225],"class_list":{"0":"post-2364","1":"product","2":"type-product","3":"status-publish","4":"has-post-thumbnail","6":"product_cat-stamps","7":"product_tag-art","8":"product_tag-artist","9":"product_tag-belgie","10":"product_tag-belgique","11":"product_tag-belgium","12":"product_tag-ex-libris","13":"product_tag-france","14":"product_tag-herisson","15":"product_tag-hedgehog","16":"product_tag-illustration","17":"product_tag-margo-de-weerdt","18":"product_tag-stamp","19":"product_tag-stempel","20":"product_tag-strasbourg","21":"product_tag-tampon","23":"first","24":"instock","25":"shipping-taxable","26":"purchasable","27":"product-type-simple"},"jetpack_publicize_connections":[],"jetpack_likes_enabled":true,"jetpack_sharing_enabled":true,"jetpack-related-posts":[],"_links":{"self":[{"href":"https:\/\/margodeweerdt.com\/fr\/wp-json\/wp\/v2\/product\/2364","targetHints":{"allow":["GET"]}}],"collection":[{"href":"https:\/\/margodeweerdt.com\/fr\/wp-json\/wp\/v2\/product"}],"about":[{"href":"https:\/\/margodeweerdt.com\/fr\/wp-json\/wp\/v2\/types\/product"}],"replies":[{"embeddable":true,"href":"https:\/\/margodeweerdt.com\/fr\/wp-json\/wp\/v2\/comments?post=2364"}],"wp:featuredmedia":[{"embeddable":true,"href":"https:\/\/margodeweerdt.com\/fr\/wp-json\/wp\/v2\/media\/2356"}],"wp:attachment":[{"href":"https:\/\/margodeweerdt.com\/fr\/wp-json\/wp\/v2\/media?parent=2364"}],"wp:term":[{"taxonomy":"product_brand","embeddable":true,"href":"https:\/\/margodeweerdt.com\/fr\/wp-json\/wp\/v2\/product_brand?post=2364"},{"taxonomy":"product_cat","embeddable":true,"href":"https:\/\/margodeweerdt.com\/fr\/wp-json\/wp\/v2\/product_cat?post=2364"},{"taxonomy":"product_tag","embeddable":true,"href":"https:\/\/margodeweerdt.com\/fr\/wp-json\/wp\/v2\/product_tag?post=2364"}],"curies":[{"name":"wp","href":"https:\/\/api.w.org\/{rel}","templated":true}]}}