{"id":1595,"date":"2024-10-21T14:55:31","date_gmt":"2024-10-21T12:55:31","guid":{"rendered":"https:\/\/margodeweerdt.com\/cart\/"},"modified":"2024-11-23T13:17:10","modified_gmt":"2024-11-23T12:17:10","slug":"chariot","status":"publish","type":"page","link":"https:\/\/margodeweerdt.com\/fr\/cart\/","title":{"rendered":"Panier"},"content":{"rendered":"<div data-block-name=\"woocommerce\/cart\" class=\"wp-block-woocommerce-cart alignwide is-loading\">\n<div data-block-name=\"woocommerce\/filled-cart-block\" class=\"wp-block-woocommerce-filled-cart-block\">\n<div data-block-name=\"woocommerce\/cart-items-block\" class=\"wp-block-woocommerce-cart-items-block\">\n<div data-block-name=\"woocommerce\/cart-line-items-block\" class=\"wp-block-woocommerce-cart-line-items-block\"><\/div>\n\n\n\n<div data-block-name=\"woocommerce\/cart-cross-sells-block\" class=\"wp-block-woocommerce-cart-cross-sells-block\">\n<h2 class=\"wp-block-heading has-large-font-size\">Vous pourriez \u00eatre int\u00e9ress\u00e9 par...<\/h2>\n\n\n\n<div data-block-name=\"woocommerce\/cart-cross-sells-products-block\" class=\"wp-block-woocommerce-cart-cross-sells-products-block\"><\/div>\n<\/div>\n<\/div>\n\n\n\n<div data-block-name=\"woocommerce\/cart-totals-block\" class=\"wp-block-woocommerce-cart-totals-block\">\n<div data-block-name=\"woocommerce\/cart-order-summary-block\" class=\"wp-block-woocommerce-cart-order-summary-block\">\n<div data-block-name=\"woocommerce\/cart-order-summary-heading-block\" class=\"wp-block-woocommerce-cart-order-summary-heading-block\"><\/div><div data-block-name=\"woocommerce\/cart-order-summary-coupon-form-block\" class=\"wp-block-woocommerce-cart-order-summary-coupon-form-block\"><\/div><div data-block-name=\"woocommerce\/cart-order-summary-totals-block\" class=\"wp-block-woocommerce-cart-order-summary-totals-block\">\n<div data-block-name=\"woocommerce\/cart-order-summary-subtotal-block\" class=\"wp-block-woocommerce-cart-order-summary-subtotal-block\"><\/div>\n<div data-block-name=\"woocommerce\/cart-order-summary-discount-block\" class=\"wp-block-woocommerce-cart-order-summary-discount-block\"><\/div>\n<div data-block-name=\"woocommerce\/cart-order-summary-fee-block\" class=\"wp-block-woocommerce-cart-order-summary-fee-block\"><\/div>\n<div data-block-name=\"woocommerce\/cart-order-summary-shipping-block\" class=\"wp-block-woocommerce-cart-order-summary-shipping-block\"><\/div>\n<div data-block-name=\"woocommerce\/cart-order-summary-taxes-block\" class=\"wp-block-woocommerce-cart-order-summary-taxes-block\"><\/div><\/div>\n<\/div>\n\n\n\n<div data-block-name=\"woocommerce\/cart-express-payment-block\" class=\"wp-block-woocommerce-cart-express-payment-block\"><\/div>\n\n\n\n<div data-block-name=\"woocommerce\/proceed-to-checkout-block\" class=\"wp-block-woocommerce-proceed-to-checkout-block\"><\/div>\n\n\n\n<div data-block-name=\"woocommerce\/cart-accepted-payment-methods-block\" class=\"wp-block-woocommerce-cart-accepted-payment-methods-block\"><\/div>\n<\/div>\n<\/div>\n\n\n\n<div data-block-name=\"woocommerce\/empty-cart-block\" class=\"wp-block-woocommerce-empty-cart-block\">\n<h2 class=\"wp-block-heading has-text-align-center with-empty-cart-icon wc-block-cart__empty-cart__title\">Votre panier est actuellement vide !<\/h2>\n\n\n\n<hr class=\"wp-block-separator has-alpha-channel-opacity is-style-dots\"\/>\n\n\n\n<h2 class=\"wp-block-heading has-text-align-center\">Nouveau en magasin<\/h2>\n\n\n<div data-block-name=\"woocommerce\/product-new\" data-columns=\"4\" data-rows=\"1\" class=\"wc-block-grid wp-block-product-new wp-block-woocommerce-product-new wc-block-product-new has-4-columns\"><ul class=\"wc-block-grid__products\"><li class=\"wc-block-grid__product\">\n\t\t\t\t<a href=\"https:\/\/margodeweerdt.com\/fr\/product\/print-cordelia-the-crocodile-42cmx11cm\/\" class=\"wc-block-grid__product-link\">\n\t\t\t\t\t\n\t\t\t\t\t<div class=\"wc-block-grid__product-image\"><img loading=\"lazy\" decoding=\"async\" width=\"300\" height=\"300\" src=\"https:\/\/i0.wp.com\/margodeweerdt.com\/wp-content\/uploads\/2026\/05\/Cordelia-le-crocodile-print-web.jpg?resize=300%2C300&amp;ssl=1\" class=\"attachment-woocommerce_thumbnail size-woocommerce_thumbnail\" alt=\"Print Cordelia the crocodile, in a long format of 11cm x 42cm, made by Margo De Weerdt, artist and illustrator, living in Strasbourg, France\" srcset=\"https:\/\/i0.wp.com\/margodeweerdt.com\/wp-content\/uploads\/2026\/05\/Cordelia-le-crocodile-print-web.jpg?resize=150%2C150&amp;ssl=1 150w, https:\/\/i0.wp.com\/margodeweerdt.com\/wp-content\/uploads\/2026\/05\/Cordelia-le-crocodile-print-web.jpg?resize=300%2C300&amp;ssl=1 300w, https:\/\/i0.wp.com\/margodeweerdt.com\/wp-content\/uploads\/2026\/05\/Cordelia-le-crocodile-print-web.jpg?resize=100%2C100&amp;ssl=1 100w, https:\/\/i0.wp.com\/margodeweerdt.com\/wp-content\/uploads\/2026\/05\/Cordelia-le-crocodile-print-web.jpg?zoom=2&amp;resize=300%2C300&amp;ssl=1 600w, https:\/\/i0.wp.com\/margodeweerdt.com\/wp-content\/uploads\/2026\/05\/Cordelia-le-crocodile-print-web.jpg?zoom=3&amp;resize=300%2C300&amp;ssl=1 900w\" sizes=\"auto, (max-width: 300px) 100vw, 300px\" data-attachment-id=\"3043\" data-permalink=\"https:\/\/margodeweerdt.com\/fr\/?attachment_id=3043\" data-orig-file=\"https:\/\/i0.wp.com\/margodeweerdt.com\/wp-content\/uploads\/2026\/05\/Cordelia-le-crocodile-print-web.jpg?fit=1600%2C1112&amp;ssl=1\" data-orig-size=\"1600,1112\" data-comments-opened=\"1\" data-image-meta=\"{&quot;aperture&quot;:&quot;5.6&quot;,&quot;credit&quot;:&quot;&quot;,&quot;camera&quot;:&quot;X-T200&quot;,&quot;caption&quot;:&quot;&quot;,&quot;created_timestamp&quot;:&quot;0&quot;,&quot;copyright&quot;:&quot;&quot;,&quot;focal_length&quot;:&quot;15&quot;,&quot;iso&quot;:&quot;200&quot;,&quot;shutter_speed&quot;:&quot;0.0071428571428571&quot;,&quot;title&quot;:&quot;Cordelia le crocodile print-foto&quot;,&quot;orientation&quot;:&quot;1&quot;}\" data-image-title=\"Print Cordelia the crocodile, in a long format of 11cm x 42cm, made by Margo De Weerdt, artist and illustrator, living in Strasbourg, France\" data-image-description=\"&lt;p&gt;Print Cordelia the crocodile, in a long format of 11cm x 42cm, made by Margo De Weerdt, artist and illustrator, living in Strasbourg, France&lt;\/p&gt;\" data-image-caption=\"\" data-large-file=\"https:\/\/i0.wp.com\/margodeweerdt.com\/wp-content\/uploads\/2026\/05\/Cordelia-le-crocodile-print-web.jpg?fit=1024%2C712&amp;ssl=1\" \/><\/div>\n\t\t\t\t\t<div class=\"wc-block-grid__product-title\">Print &#8220;Cordelia the crocodile&#8221; 42cm x 11cm<\/div>\n\t\t\t\t<\/a>\n\t\t\t\t<div class=\"wc-block-grid__product-price price\"><span class=\"woocommerce-Price-amount amount\"><span class=\"woocommerce-Price-currencySymbol\">\u20ac<\/span>16.00<\/span><\/div>\n\t\t\t\t\n\t\t\t\t<div class=\"wp-block-button wc-block-grid__product-add-to-cart\"><a href=\"\/fr\/wp-json\/wp\/v2\/pages\/1595?add-to-cart=3039\" aria-label=\"Ajouter au panier\u00a0: \u201cPrint &quot;Cordelia the crocodile&quot; 42cm x 11cm\u201d\" data-quantity=\"1\" data-product_id=\"3039\" data-product_sku=\"\" data-price=\"16\" rel=\"nofollow\" class=\"wp-block-button__link wp-element-button add_to_cart_button ajax_add_to_cart\" data-no-translation=\"\" data-trp-gettext=\"\" data-no-translation-aria-label=\"\">Ajouter au panier<\/a><\/div>\n\t\t\t<\/li><li class=\"wc-block-grid__product\">\n\t\t\t\t<a href=\"https:\/\/margodeweerdt.com\/fr\/product\/set-of-5-postcards\/\" class=\"wc-block-grid__product-link\">\n\t\t\t\t\t\n\t\t\t\t\t<div class=\"wc-block-grid__product-image\"><img loading=\"lazy\" decoding=\"async\" width=\"300\" height=\"300\" src=\"https:\/\/i0.wp.com\/margodeweerdt.com\/wp-content\/uploads\/2026\/05\/Carte-postale-serie-tesamen-foto-4-web.jpg?resize=300%2C300&amp;ssl=1\" class=\"attachment-woocommerce_thumbnail size-woocommerce_thumbnail\" alt=\"Ensemble of 5 postcards made by Margo De Weerdt, artist and illustrator, living in Strasbourg, France\" srcset=\"https:\/\/i0.wp.com\/margodeweerdt.com\/wp-content\/uploads\/2026\/05\/Carte-postale-serie-tesamen-foto-4-web.jpg?resize=150%2C150&amp;ssl=1 150w, https:\/\/i0.wp.com\/margodeweerdt.com\/wp-content\/uploads\/2026\/05\/Carte-postale-serie-tesamen-foto-4-web.jpg?resize=11%2C12&amp;ssl=1 11w, https:\/\/i0.wp.com\/margodeweerdt.com\/wp-content\/uploads\/2026\/05\/Carte-postale-serie-tesamen-foto-4-web.jpg?resize=300%2C300&amp;ssl=1 300w, https:\/\/i0.wp.com\/margodeweerdt.com\/wp-content\/uploads\/2026\/05\/Carte-postale-serie-tesamen-foto-4-web.jpg?resize=100%2C100&amp;ssl=1 100w, https:\/\/i0.wp.com\/margodeweerdt.com\/wp-content\/uploads\/2026\/05\/Carte-postale-serie-tesamen-foto-4-web.jpg?zoom=2&amp;resize=300%2C300&amp;ssl=1 600w, https:\/\/i0.wp.com\/margodeweerdt.com\/wp-content\/uploads\/2026\/05\/Carte-postale-serie-tesamen-foto-4-web.jpg?zoom=3&amp;resize=300%2C300&amp;ssl=1 900w\" sizes=\"auto, (max-width: 300px) 100vw, 300px\" data-attachment-id=\"3029\" data-permalink=\"https:\/\/margodeweerdt.com\/fr\/?attachment_id=3029\" data-orig-file=\"https:\/\/i0.wp.com\/margodeweerdt.com\/wp-content\/uploads\/2026\/05\/Carte-postale-serie-tesamen-foto-4-web.jpg?fit=1503%2C1600&amp;ssl=1\" data-orig-size=\"1503,1600\" data-comments-opened=\"1\" data-image-meta=\"{&quot;aperture&quot;:&quot;4&quot;,&quot;credit&quot;:&quot;&quot;,&quot;camera&quot;:&quot;X-T200&quot;,&quot;caption&quot;:&quot;&quot;,&quot;created_timestamp&quot;:&quot;0&quot;,&quot;copyright&quot;:&quot;&quot;,&quot;focal_length&quot;:&quot;16.1&quot;,&quot;iso&quot;:&quot;200&quot;,&quot;shutter_speed&quot;:&quot;0.0066666666666667&quot;,&quot;title&quot;:&quot;Carte postale-serie tesamen-foto-4&quot;,&quot;orientation&quot;:&quot;1&quot;}\" data-image-title=\"Ensemble of 5 postcards made by Margo De Weerdt, artist and illustrator, living in Strasbourg, France\" data-image-description=\"&lt;p&gt;Ensemble of 5 postcards made by Margo De Weerdt, artist and illustrator, living in Strasbourg, France&lt;\/p&gt;\" data-image-caption=\"\" data-large-file=\"https:\/\/i0.wp.com\/margodeweerdt.com\/wp-content\/uploads\/2026\/05\/Carte-postale-serie-tesamen-foto-4-web.jpg?fit=962%2C1024&amp;ssl=1\" \/><\/div>\n\t\t\t\t\t<div class=\"wc-block-grid__product-title\">Lot de 5 cartes postales<\/div>\n\t\t\t\t<\/a>\n\t\t\t\t<div class=\"wc-block-grid__product-price price\"><span class=\"woocommerce-Price-amount amount\"><span class=\"woocommerce-Price-currencySymbol\">\u20ac<\/span>10.00<\/span><\/div>\n\t\t\t\t\n\t\t\t\t<div class=\"wp-block-button wc-block-grid__product-add-to-cart\"><a href=\"\/fr\/wp-json\/wp\/v2\/pages\/1595?add-to-cart=3036\" aria-label=\"Ajouter au panier\u00a0: \u201cSet of 5 Postcards\u201d\" data-quantity=\"1\" data-product_id=\"3036\" data-product_sku=\"\" data-price=\"10\" rel=\"nofollow\" class=\"wp-block-button__link wp-element-button add_to_cart_button ajax_add_to_cart\" data-no-translation=\"\" data-trp-gettext=\"\" data-no-translation-aria-label=\"\">Ajouter au panier<\/a><\/div>\n\t\t\t<\/li><li class=\"wc-block-grid__product\">\n\t\t\t\t<a href=\"https:\/\/margodeweerdt.com\/fr\/product\/postcard-the-house\/\" class=\"wc-block-grid__product-link\">\n\t\t\t\t\t\n\t\t\t\t\t<div class=\"wc-block-grid__product-image\"><img loading=\"lazy\" decoding=\"async\" width=\"300\" height=\"300\" src=\"https:\/\/i0.wp.com\/margodeweerdt.com\/wp-content\/uploads\/2026\/05\/Carte-postale-Maison-web.jpg?resize=300%2C300&amp;ssl=1\" class=\"attachment-woocommerce_thumbnail size-woocommerce_thumbnail\" alt=\"Carte postale, postcard &quot;The house&quot; made by Margo De Weerdt, artist and illustrator, living in Strasbourg, France\" srcset=\"https:\/\/i0.wp.com\/margodeweerdt.com\/wp-content\/uploads\/2026\/05\/Carte-postale-Maison-web.jpg?resize=150%2C150&amp;ssl=1 150w, https:\/\/i0.wp.com\/margodeweerdt.com\/wp-content\/uploads\/2026\/05\/Carte-postale-Maison-web.jpg?resize=300%2C300&amp;ssl=1 300w, https:\/\/i0.wp.com\/margodeweerdt.com\/wp-content\/uploads\/2026\/05\/Carte-postale-Maison-web.jpg?resize=100%2C100&amp;ssl=1 100w, https:\/\/i0.wp.com\/margodeweerdt.com\/wp-content\/uploads\/2026\/05\/Carte-postale-Maison-web.jpg?zoom=2&amp;resize=300%2C300&amp;ssl=1 600w, https:\/\/i0.wp.com\/margodeweerdt.com\/wp-content\/uploads\/2026\/05\/Carte-postale-Maison-web.jpg?zoom=3&amp;resize=300%2C300&amp;ssl=1 900w\" sizes=\"auto, (max-width: 300px) 100vw, 300px\" data-attachment-id=\"3022\" data-permalink=\"https:\/\/margodeweerdt.com\/fr\/?attachment_id=3022\" data-orig-file=\"https:\/\/i0.wp.com\/margodeweerdt.com\/wp-content\/uploads\/2026\/05\/Carte-postale-Maison-web.jpg?fit=1749%2C1241&amp;ssl=1\" data-orig-size=\"1749,1241\" data-comments-opened=\"1\" data-image-meta=\"{&quot;aperture&quot;:&quot;0&quot;,&quot;credit&quot;:&quot;Margo De Weerdt&quot;,&quot;camera&quot;:&quot;&quot;,&quot;caption&quot;:&quot;&quot;,&quot;created_timestamp&quot;:&quot;1774952698&quot;,&quot;copyright&quot;:&quot;&quot;,&quot;focal_length&quot;:&quot;0&quot;,&quot;iso&quot;:&quot;0&quot;,&quot;shutter_speed&quot;:&quot;0&quot;,&quot;title&quot;:&quot;Postkaarten 2026&quot;,&quot;orientation&quot;:&quot;0&quot;}\" data-image-title=\"Carte postale, postcard &amp;#8220;The house&amp;#8221; made by Margo De Weerdt, artist and illustrator, living in Strasbourg, France\" data-image-description=\"&lt;p&gt;Carte postale, postcard &amp;#8220;The house&amp;#8221; made by Margo De Weerdt, artist and illustrator, living in Strasbourg, France&lt;\/p&gt;\" data-image-caption=\"\" data-large-file=\"https:\/\/i0.wp.com\/margodeweerdt.com\/wp-content\/uploads\/2026\/05\/Carte-postale-Maison-web.jpg?fit=1024%2C727&amp;ssl=1\" \/><\/div>\n\t\t\t\t\t<div class=\"wc-block-grid__product-title\">Carte postale \u00ab Maison \u00bb<\/div>\n\t\t\t\t<\/a>\n\t\t\t\t<div class=\"wc-block-grid__product-price price\"><span class=\"woocommerce-Price-amount amount\"><span class=\"woocommerce-Price-currencySymbol\">\u20ac<\/span>2.50<\/span><\/div>\n\t\t\t\t\n\t\t\t\t<div class=\"wp-block-button wc-block-grid__product-add-to-cart\"><a href=\"\/fr\/wp-json\/wp\/v2\/pages\/1595?add-to-cart=3035\" aria-label=\"Ajouter au panier\u00a0: \u201cPostcard &quot;The house&quot;\u201d\" data-quantity=\"1\" data-product_id=\"3035\" data-product_sku=\"\" data-price=\"2.5\" rel=\"nofollow\" class=\"wp-block-button__link wp-element-button add_to_cart_button ajax_add_to_cart\" data-no-translation=\"\" data-trp-gettext=\"\" data-no-translation-aria-label=\"\">Ajouter au panier<\/a><\/div>\n\t\t\t<\/li><li class=\"wc-block-grid__product\">\n\t\t\t\t<a href=\"https:\/\/margodeweerdt.com\/fr\/product\/postcard-witches-in-a-bar\/\" class=\"wc-block-grid__product-link\">\n\t\t\t\t\t\n\t\t\t\t\t<div class=\"wc-block-grid__product-image\"><img loading=\"lazy\" decoding=\"async\" width=\"300\" height=\"300\" src=\"https:\/\/i0.wp.com\/margodeweerdt.com\/wp-content\/uploads\/2026\/05\/Carte-postale-Sorcieres-au-bar-web.jpg?resize=300%2C300&amp;ssl=1\" class=\"attachment-woocommerce_thumbnail size-woocommerce_thumbnail\" alt=\"Carte postale, postcard &quot;Witches in a bar&quot; made by Margo De Weerdt, artist and illustrator, living in Strasbourg, France\" srcset=\"https:\/\/i0.wp.com\/margodeweerdt.com\/wp-content\/uploads\/2026\/05\/Carte-postale-Sorcieres-au-bar-web.jpg?resize=150%2C150&amp;ssl=1 150w, https:\/\/i0.wp.com\/margodeweerdt.com\/wp-content\/uploads\/2026\/05\/Carte-postale-Sorcieres-au-bar-web.jpg?resize=300%2C300&amp;ssl=1 300w, https:\/\/i0.wp.com\/margodeweerdt.com\/wp-content\/uploads\/2026\/05\/Carte-postale-Sorcieres-au-bar-web.jpg?resize=100%2C100&amp;ssl=1 100w, https:\/\/i0.wp.com\/margodeweerdt.com\/wp-content\/uploads\/2026\/05\/Carte-postale-Sorcieres-au-bar-web.jpg?zoom=2&amp;resize=300%2C300&amp;ssl=1 600w, https:\/\/i0.wp.com\/margodeweerdt.com\/wp-content\/uploads\/2026\/05\/Carte-postale-Sorcieres-au-bar-web.jpg?zoom=3&amp;resize=300%2C300&amp;ssl=1 900w\" sizes=\"auto, (max-width: 300px) 100vw, 300px\" data-attachment-id=\"3031\" data-permalink=\"https:\/\/margodeweerdt.com\/fr\/?attachment_id=3031\" data-orig-file=\"https:\/\/i0.wp.com\/margodeweerdt.com\/wp-content\/uploads\/2026\/05\/Carte-postale-Sorcieres-au-bar-web.jpg?fit=1749%2C1241&amp;ssl=1\" data-orig-size=\"1749,1241\" data-comments-opened=\"1\" data-image-meta=\"{&quot;aperture&quot;:&quot;0&quot;,&quot;credit&quot;:&quot;Margo De Weerdt&quot;,&quot;camera&quot;:&quot;&quot;,&quot;caption&quot;:&quot;&quot;,&quot;created_timestamp&quot;:&quot;1774952698&quot;,&quot;copyright&quot;:&quot;&quot;,&quot;focal_length&quot;:&quot;0&quot;,&quot;iso&quot;:&quot;0&quot;,&quot;shutter_speed&quot;:&quot;0&quot;,&quot;title&quot;:&quot;Postkaarten 2026&quot;,&quot;orientation&quot;:&quot;0&quot;}\" data-image-title=\"Carte postale, postcard &amp;#8220;Witches in a bar&amp;#8221; made by Margo De Weerdt, artist and illustrator, living in Strasbourg, France\" data-image-description=\"&lt;p&gt;Carte postale, postcard &amp;#8220;Witches in a bar&amp;#8221; made by Margo De Weerdt, artist and illustrator, living in Strasbourg, France&lt;\/p&gt;\" data-image-caption=\"\" data-large-file=\"https:\/\/i0.wp.com\/margodeweerdt.com\/wp-content\/uploads\/2026\/05\/Carte-postale-Sorcieres-au-bar-web.jpg?fit=1024%2C727&amp;ssl=1\" \/><\/div>\n\t\t\t\t\t<div class=\"wc-block-grid__product-title\">Carte postale \u00ab Sorci\u00e8res au bar \u00bb<\/div>\n\t\t\t\t<\/a>\n\t\t\t\t<div class=\"wc-block-grid__product-price price\"><span class=\"woocommerce-Price-amount amount\"><span class=\"woocommerce-Price-currencySymbol\">\u20ac<\/span>2.50<\/span><\/div>\n\t\t\t\t\n\t\t\t\t<div class=\"wp-block-button wc-block-grid__product-add-to-cart\"><a href=\"\/fr\/wp-json\/wp\/v2\/pages\/1595?add-to-cart=3034\" aria-label=\"Ajouter au panier\u00a0: \u201cPostcard &quot;Witches in a bar&quot;\u201d\" data-quantity=\"1\" data-product_id=\"3034\" data-product_sku=\"\" data-price=\"2.5\" rel=\"nofollow\" class=\"wp-block-button__link wp-element-button add_to_cart_button ajax_add_to_cart\" data-no-translation=\"\" data-trp-gettext=\"\" data-no-translation-aria-label=\"\">Ajouter au panier<\/a><\/div>\n\t\t\t<\/li><\/ul><\/div><\/div>\n<\/div>","protected":false},"excerpt":{"rendered":"","protected":false},"author":1,"featured_media":0,"parent":0,"menu_order":0,"comment_status":"closed","ping_status":"closed","template":"","meta":{"advanced_seo_description":"","jetpack_seo_html_title":"","jetpack_seo_noindex":false,"footnotes":""},"class_list":["post-1595","page","type-page","status-publish","hentry"],"jetpack_likes_enabled":true,"jetpack_sharing_enabled":true,"jetpack_shortlink":"https:\/\/wp.me\/PftPb7-pJ","jetpack-related-posts":[],"_links":{"self":[{"href":"https:\/\/margodeweerdt.com\/fr\/wp-json\/wp\/v2\/pages\/1595","targetHints":{"allow":["GET"]}}],"collection":[{"href":"https:\/\/margodeweerdt.com\/fr\/wp-json\/wp\/v2\/pages"}],"about":[{"href":"https:\/\/margodeweerdt.com\/fr\/wp-json\/wp\/v2\/types\/page"}],"author":[{"embeddable":true,"href":"https:\/\/margodeweerdt.com\/fr\/wp-json\/wp\/v2\/users\/1"}],"replies":[{"embeddable":true,"href":"https:\/\/margodeweerdt.com\/fr\/wp-json\/wp\/v2\/comments?post=1595"}],"version-history":[{"count":1,"href":"https:\/\/margodeweerdt.com\/fr\/wp-json\/wp\/v2\/pages\/1595\/revisions"}],"predecessor-version":[{"id":1688,"href":"https:\/\/margodeweerdt.com\/fr\/wp-json\/wp\/v2\/pages\/1595\/revisions\/1688"}],"wp:attachment":[{"href":"https:\/\/margodeweerdt.com\/fr\/wp-json\/wp\/v2\/media?parent=1595"}],"curies":[{"name":"wp","href":"https:\/\/api.w.org\/{rel}","templated":true}]}}